{"id":298,"date":"2026-03-30T16:30:05","date_gmt":"2026-03-30T14:30:05","guid":{"rendered":"https:\/\/festival.cospe.org\/wp\/inicio\/"},"modified":"2026-04-10T16:58:13","modified_gmt":"2026-04-10T14:58:13","slug":"inicio","status":"publish","type":"page","link":"https:\/\/festival.cospe.org\/es\/","title":{"rendered":"Inicio"},"content":{"rendered":"\n<p><strong>Reivindicar, retomar, recuperar. RECLAIM es un verbo plural, abierto, generativo.<\/strong> Indica una acci\u00f3n necesaria y colectiva: volver a poner en el centro lo que ha sido sustra\u00eddo, marginado, negado. Por eso es el t\u00edtulo de la primera edici\u00f3n del Festival COSPE que tendr\u00e1 lugar en <strong>Florencia, Bolonia, Ciudad del Cabo y Cali<\/strong> el 22 y el 23 de mayo de 2026. <\/p>\n\n<p>Un n\u00famero cero que nace en un <strong>periodo hist\u00f3rico de profunda incertidumbre<\/strong>, en el que los derechos fundamentales son vulnerados en todas las latitudes, en el que el derecho internacional es ignorado y suplantado por la ley del m\u00e1s fuerte y por las bombas de nuevas guerras coloniales, un tiempo en el que las identidades y los cuerpos no conformes son negados, amenazados o no reconocidos por leyes inicuas y oscurantistas, un tiempo en el que el planeta es agredido por la <strong>creciente violencia extractivista y capitalista<\/strong>, un tiempo en el que el espacio de disenso se estrecha y se reduce en cada plaza y en cada contexto. <\/p>\n\n<p>En este tiempo<strong>, el Festival quiere ser un espacio compartido de palabra, imaginaci\u00f3n y acci\u00f3n.<\/strong> Un lugar donde reivindicar juntos un destino diferente, retomar el espacio y la palabra, donde reivindicar derechos e identidades, donde se puede, en definitiva, intentar recuperar lo que nos quieren hacer creer perdido o comprometido. <strong>El punto de partida son las periferias<\/strong> \u2014geogr\u00e1ficas, pol\u00edticas, sociales\u2014 no como m\u00e1rgenes, sino <strong>como lugares de producci\u00f3n de visiones, pr\u00e1cticas y futuro.<\/strong> <\/p>\n","protected":false},"excerpt":{"rendered":"<p>Reivindicar, retomar, recuperar. RECLAIM es un verbo plural, abierto, generativo. Indica una acci\u00f3n necesaria y colectiva: volver a poner en el centro lo que ha sido sustra\u00eddo, marginado, negado. Por eso es el t\u00edtulo de la primera edici\u00f3n del Festival COSPE que tendr\u00e1 lugar en Florencia, Bolonia, Ciudad del Cabo y Cali el 22 y [&hellip;]<\/p>\n","protected":false},"author":1,"featured_media":0,"parent":0,"menu_order":0,"comment_status":"closed","ping_status":"closed","template":"","meta":{"_acf_changed":false,"footnotes":""},"class_list":["post-298","page","type-page","status-publish","hentry"],"acf":[],"_links":{"self":[{"href":"https:\/\/festival.cospe.org\/es\/wp-json\/wp\/v2\/pages\/298","targetHints":{"allow":["GET"]}}],"collection":[{"href":"https:\/\/festival.cospe.org\/es\/wp-json\/wp\/v2\/pages"}],"about":[{"href":"https:\/\/festival.cospe.org\/es\/wp-json\/wp\/v2\/types\/page"}],"author":[{"embeddable":true,"href":"https:\/\/festival.cospe.org\/es\/wp-json\/wp\/v2\/users\/1"}],"replies":[{"embeddable":true,"href":"https:\/\/festival.cospe.org\/es\/wp-json\/wp\/v2\/comments?post=298"}],"version-history":[{"count":1,"href":"https:\/\/festival.cospe.org\/es\/wp-json\/wp\/v2\/pages\/298\/revisions"}],"predecessor-version":[{"id":299,"href":"https:\/\/festival.cospe.org\/es\/wp-json\/wp\/v2\/pages\/298\/revisions\/299"}],"wp:attachment":[{"href":"https:\/\/festival.cospe.org\/es\/wp-json\/wp\/v2\/media?parent=298"}],"curies":[{"name":"wp","href":"https:\/\/api.w.org\/{rel}","templated":true}]}}